{"id":92,"date":"2020-01-18T22:58:50","date_gmt":"2020-01-18T21:58:50","guid":{"rendered":"https:\/\/luisahausundgarten.de\/?page_id=92"},"modified":"2022-01-16T15:26:46","modified_gmt":"2022-01-16T14:26:46","slug":"ueber-uns","status":"publish","type":"page","link":"https:\/\/luisahausundgarten.de\/?page_id=92","title":{"rendered":"\u00dcber uns"},"content":{"rendered":"\n<p class=\"has-text-color has-small-font-size\" style=\"color:#ffffff\">Informationen wer wir sind<\/p>\n\n\n\n<figure class=\"wp-block-image size-large is-resized\"><img decoding=\"async\" src=\"https:\/\/luisahausundgarten.de\/wp-content\/uploads\/2020\/02\/ueberuns-1024x208.png\" alt=\"\" class=\"wp-image-1581\" width=\"275\" height=\"55\" srcset=\"https:\/\/luisahausundgarten.de\/wp-content\/uploads\/2020\/02\/ueberuns-1024x208.png 1024w, https:\/\/luisahausundgarten.de\/wp-content\/uploads\/2020\/02\/ueberuns-300x61.png 300w, https:\/\/luisahausundgarten.de\/wp-content\/uploads\/2020\/02\/ueberuns-768x156.png 768w, https:\/\/luisahausundgarten.de\/wp-content\/uploads\/2020\/02\/ueberuns.png 1405w\" sizes=\"(max-width: 275px) 100vw, 275px\" \/><\/figure>\n\n\n\n<figure class=\"wp-block-image size-large is-resized\"><img decoding=\"async\" src=\"https:\/\/luisahausundgarten.de\/wp-content\/uploads\/2020\/02\/Blanko.png\" alt=\"\" class=\"wp-image-1522\" width=\"41\" height=\"27\" srcset=\"https:\/\/luisahausundgarten.de\/wp-content\/uploads\/2020\/02\/Blanko.png 425w, https:\/\/luisahausundgarten.de\/wp-content\/uploads\/2020\/02\/Blanko-300x200.png 300w\" sizes=\"(max-width: 41px) 100vw, 41px\" \/><\/figure>\n\n\n\n<p class=\"has-medium-font-size\"><strong>Hallo, wir sind<\/strong><\/p>\n\n\n\n<p><\/p>\n\n\n\n<div class=\"wp-block-columns alignfull is-layout-flex wp-container-core-columns-is-layout-28f84493 wp-block-columns-is-layout-flex\">\n<div class=\"wp-block-column is-layout-flow wp-block-column-is-layout-flow\">\n<div class=\"wp-block-image\"><figure class=\"aligncenter size-large is-resized\"><img decoding=\"async\" src=\"https:\/\/luisahausundgarten.de\/wp-content\/uploads\/2020\/01\/Isabell-3-1024x996.jpg\" alt=\"\" class=\"wp-image-1394\" width=\"210\" height=\"203\" srcset=\"https:\/\/luisahausundgarten.de\/wp-content\/uploads\/2020\/01\/Isabell-3-1024x996.jpg 1024w, https:\/\/luisahausundgarten.de\/wp-content\/uploads\/2020\/01\/Isabell-3-300x292.jpg 300w, https:\/\/luisahausundgarten.de\/wp-content\/uploads\/2020\/01\/Isabell-3-768x747.jpg 768w, https:\/\/luisahausundgarten.de\/wp-content\/uploads\/2020\/01\/Isabell-3-600x583.jpg 600w, https:\/\/luisahausundgarten.de\/wp-content\/uploads\/2020\/01\/Isabell-3.jpg 1080w\" sizes=\"(max-width: 210px) 100vw, 210px\" \/><figcaption> Isabell Heger    <br> <\/figcaption><\/figure><\/div>\n<\/div>\n\n\n\n<div class=\"wp-block-column is-layout-flow wp-block-column-is-layout-flow\">\n<div class=\"wp-block-image\"><figure class=\"aligncenter size-large is-resized\"><img loading=\"lazy\" decoding=\"async\" src=\"https:\/\/luisahausundgarten.de\/wp-content\/uploads\/2020\/02\/Lucas-1-889x1024.jpg\" alt=\"\" class=\"wp-image-1613\" width=\"188\" height=\"217\" srcset=\"https:\/\/luisahausundgarten.de\/wp-content\/uploads\/2020\/02\/Lucas-1-889x1024.jpg 889w, https:\/\/luisahausundgarten.de\/wp-content\/uploads\/2020\/02\/Lucas-1-260x300.jpg 260w, https:\/\/luisahausundgarten.de\/wp-content\/uploads\/2020\/02\/Lucas-1-768x885.jpg 768w, https:\/\/luisahausundgarten.de\/wp-content\/uploads\/2020\/02\/Lucas-1.jpg 1080w\" sizes=\"(max-width: 188px) 100vw, 188px\" \/><figcaption>Lucas Heger<\/figcaption><\/figure><\/div>\n<\/div>\n<\/div>\n\n\n\n<p class=\"has-text-align-left\">Als wir vor \u00fcber zehn Jahren unser Haus (Baujahr 1954) mit einem gro\u00dfen Garten gekauft haben, waren wir Mitte zwanzig und sehr unerfahren, was das Renovieren und die Gartengestaltung betrifft. <\/p>\n\n\n\n<p>Isabell verf\u00fcgt als gelernte Einrichtungsberaterin schon immer \u00fcber ein Auge f\u00fcr Farben, Designs und aktuelle Trends. Lucas ist als Kaufmann in der Baubranche, mit Neuheiten, Materialien und deren Verarbeitung immer mit Handwerkern in Kontakt.<\/p>\n\n\n\n<p>Dadurch haben wir uns im Laufe der Jahre eine Menge Wissen und Erfahrung angeeignet. So konnten wir Schritt f\u00fcr Schritt in Eigenregie unser Traumhaus inklusive Aussenbereich nach unseren W\u00fcnschen und Vorstellungen gestalten. Wir besuchten Messen und Handwerkerkurse, besichtigten fremde G\u00e4rten und Musterh\u00e4user, w\u00e4lzten bergeweise B\u00fccher und Zeitschriften. Vor zwei Jahren beschlossen wir, davon etwas zur\u00fcck zugeben, da wir auch immer sehr dankbar f\u00fcr Inspirationen waren und nahmen zum ersten Mal an den offenen G\u00e4rten Pfalz und Elsass teil. <\/p>\n\n\n\n<p>Die gro\u00dfe Resonanz von Besuchern und Freunden, die vielen Anfragen und Ideen, die wir immer noch in unseren K\u00f6pfen haben, bewegten uns dazu unsere Leidenschaft zum Beruf zu machen. Gerne m\u00f6chten wir Sie, die Sie entweder noch in der Planungs- oder schon Erhaltungsphase ihrer Immobile sind, unterst\u00fctzen.<br><\/p>\n\n\n\n<p>Mehr zu unseren Dienstleistungen erfahren Sie in den Rubriken Haus\/Garten\/Dekoliebe<br><\/p>\n\n\n\n<p>Wir freuen uns schon heute riesig, Ihr Zuhause zu versch\u00f6nern! Senden Sie uns einfach eine Anfrage per Email kontakt@luisahg.de oder rufen Sie uns an 0163-7227206.<\/p>\n\n\n\n<p class=\"has-text-color\" style=\"color:#ece4e4\"><\/p>\n\n\n\n<div class=\"wp-block-image\"><figure class=\"aligncenter size-large is-resized\"><img loading=\"lazy\" decoding=\"async\" src=\"https:\/\/luisahausundgarten.de\/wp-content\/uploads\/2022\/01\/Hochzeit-1024x682.jpg\" alt=\"\" class=\"wp-image-1804\" width=\"1020\" height=\"680\" srcset=\"https:\/\/luisahausundgarten.de\/wp-content\/uploads\/2022\/01\/Hochzeit-1024x682.jpg 1024w, https:\/\/luisahausundgarten.de\/wp-content\/uploads\/2022\/01\/Hochzeit-300x200.jpg 300w, https:\/\/luisahausundgarten.de\/wp-content\/uploads\/2022\/01\/Hochzeit-768x512.jpg 768w, https:\/\/luisahausundgarten.de\/wp-content\/uploads\/2022\/01\/Hochzeit-1536x1023.jpg 1536w, https:\/\/luisahausundgarten.de\/wp-content\/uploads\/2022\/01\/Hochzeit.jpg 1600w\" sizes=\"(max-width: 1020px) 100vw, 1020px\" \/><figcaption><strong>Fotoshootings in unserem Garten sind auf Anfrage gerne m\u00f6glich<\/strong><\/figcaption><\/figure><\/div>\n\n\n\n<div class=\"wp-block-image\"><figure class=\"aligncenter size-large\"><img loading=\"lazy\" decoding=\"async\" width=\"1024\" height=\"630\" src=\"https:\/\/luisahausundgarten.de\/wp-content\/uploads\/2021\/08\/Wohnengeniessen-1024x630.jpg\" alt=\"\" class=\"wp-image-1797\" srcset=\"https:\/\/luisahausundgarten.de\/wp-content\/uploads\/2021\/08\/Wohnengeniessen-1024x630.jpg 1024w, https:\/\/luisahausundgarten.de\/wp-content\/uploads\/2021\/08\/Wohnengeniessen-300x185.jpg 300w, https:\/\/luisahausundgarten.de\/wp-content\/uploads\/2021\/08\/Wohnengeniessen-768x473.jpg 768w, https:\/\/luisahausundgarten.de\/wp-content\/uploads\/2021\/08\/Wohnengeniessen.jpg 1331w\" sizes=\"(max-width: 1024px) 100vw, 1024px\" \/><figcaption><strong>Unser Haus in der Wohnen &amp; genie\u00dfen Ausgabe September 2021 (Quelle: Gute Laune Wohnen &amp; genie\u00dfen)<\/strong><\/figcaption><\/figure><\/div>\n\n\n\n<div class=\"wp-block-image\"><figure class=\"aligncenter size-large\"><img loading=\"lazy\" decoding=\"async\" width=\"1024\" height=\"657\" src=\"https:\/\/luisahausundgarten.de\/wp-content\/uploads\/2021\/08\/Wohnengeniessen1--1024x657.jpg\" alt=\"\" class=\"wp-image-1798\" srcset=\"https:\/\/luisahausundgarten.de\/wp-content\/uploads\/2021\/08\/Wohnengeniessen1--1024x657.jpg 1024w, https:\/\/luisahausundgarten.de\/wp-content\/uploads\/2021\/08\/Wohnengeniessen1--300x192.jpg 300w, https:\/\/luisahausundgarten.de\/wp-content\/uploads\/2021\/08\/Wohnengeniessen1--768x493.jpg 768w, https:\/\/luisahausundgarten.de\/wp-content\/uploads\/2021\/08\/Wohnengeniessen1-.jpg 1322w\" sizes=\"(max-width: 1024px) 100vw, 1024px\" \/><figcaption><strong>Wohnen &amp; genie\u00dfen Seite 2<\/strong><\/figcaption><\/figure><\/div>\n\n\n\n<div class=\"wp-block-image\"><figure class=\"aligncenter size-full\"><img loading=\"lazy\" decoding=\"async\" width=\"575\" height=\"863\" src=\"https:\/\/luisahausundgarten.de\/wp-content\/uploads\/2021\/08\/Heimatbrief.jpg\" alt=\"\" class=\"wp-image-1796\" srcset=\"https:\/\/luisahausundgarten.de\/wp-content\/uploads\/2021\/08\/Heimatbrief.jpg 575w, https:\/\/luisahausundgarten.de\/wp-content\/uploads\/2021\/08\/Heimatbrief-200x300.jpg 200w\" sizes=\"(max-width: 575px) 100vw, 575px\" \/><figcaption><strong>Heimatbrief R\u00fclzheim August 2021<\/strong><\/figcaption><\/figure><\/div>\n\n\n\n<figure class=\"wp-block-video aligncenter\"><video height=\"400\" style=\"aspect-ratio: 720 \/ 400;\" width=\"720\" controls src=\"https:\/\/luisahausundgarten.de\/wp-content\/uploads\/2020\/08\/Garten.mp4\"><\/video><figcaption><strong>Video 2 von NMI aus Hamburg<\/strong><\/figcaption><\/figure>\n\n\n\n<p><\/p>\n\n\n\n<figure class=\"wp-block-video aligncenter\"><video height=\"720\" style=\"aspect-ratio: 720 \/ 720;\" width=\"720\" controls src=\"https:\/\/luisahausundgarten.de\/wp-content\/uploads\/2020\/07\/Video-Garten.mp4\"><\/video><figcaption><strong>Juni 2020 war das Produktionsteam von NMI Hamburg zu Besuch<\/strong><\/figcaption><\/figure>\n\n\n\n<p><\/p>\n\n\n\n<div class=\"wp-block-image\"><figure class=\"aligncenter size-large is-resized\"><img loading=\"lazy\" decoding=\"async\" src=\"https:\/\/luisahausundgarten.de\/wp-content\/uploads\/2020\/03\/Artikel-Garten-Spa\u00df-749x1024.jpg\" alt=\"\" class=\"wp-image-1676\" width=\"481\" height=\"657\" srcset=\"https:\/\/luisahausundgarten.de\/wp-content\/uploads\/2020\/03\/Artikel-Garten-Spa\u00df-749x1024.jpg 749w, https:\/\/luisahausundgarten.de\/wp-content\/uploads\/2020\/03\/Artikel-Garten-Spa\u00df-219x300.jpg 219w, https:\/\/luisahausundgarten.de\/wp-content\/uploads\/2020\/03\/Artikel-Garten-Spa\u00df-768x1050.jpg 768w, https:\/\/luisahausundgarten.de\/wp-content\/uploads\/2020\/03\/Artikel-Garten-Spa\u00df.jpg 864w\" sizes=\"(max-width: 481px) 100vw, 481px\" \/><figcaption>                    <strong>Unser Garten in der Garten Spa\u00df Ausgabe April 2020<\/strong><br><strong><br><\/strong>   <\/figcaption><\/figure><\/div>\n\n\n\n<figure class=\"wp-block-video aligncenter\"><video height=\"270\" style=\"aspect-ratio: 480 \/ 270;\" width=\"480\" controls src=\"https:\/\/luisahausundgarten.de\/wp-content\/uploads\/2020\/03\/SWR-Garten.mp4\"><\/video><figcaption><strong>Oktober 2019 war das Fernsehen zu Besuch bei uns<\/strong><\/figcaption><\/figure>\n\n\n\n<div class=\"wp-block-image\"><figure class=\"aligncenter size-large\"><img loading=\"lazy\" decoding=\"async\" width=\"1024\" height=\"724\" src=\"https:\/\/luisahausundgarten.de\/wp-content\/uploads\/2020\/03\/Artikel-Rheinpfalz-1024x724.jpg\" alt=\"\" class=\"wp-image-1669\" srcset=\"https:\/\/luisahausundgarten.de\/wp-content\/uploads\/2020\/03\/Artikel-Rheinpfalz-1024x724.jpg 1024w, https:\/\/luisahausundgarten.de\/wp-content\/uploads\/2020\/03\/Artikel-Rheinpfalz-300x212.jpg 300w, https:\/\/luisahausundgarten.de\/wp-content\/uploads\/2020\/03\/Artikel-Rheinpfalz-768x543.jpg 768w, https:\/\/luisahausundgarten.de\/wp-content\/uploads\/2020\/03\/Artikel-Rheinpfalz-1536x1086.jpg 1536w, https:\/\/luisahausundgarten.de\/wp-content\/uploads\/2020\/03\/Artikel-Rheinpfalz-2048x1448.jpg 2048w\" sizes=\"(max-width: 1024px) 100vw, 1024px\" \/><\/figure><\/div>\n\n\n\n<div class=\"wp-block-file aligncenter\"><a href=\"https:\/\/luisahausundgarten.de\/wp-content\/uploads\/2020\/03\/Rheinpfalz-Artikel-2.pdf\">Rheinpfalz-Artikel August 2019<\/a><a href=\"https:\/\/luisahausundgarten.de\/wp-content\/uploads\/2020\/03\/Rheinpfalz-Artikel-2.pdf\" class=\"wp-block-file__button\" download>Herunterladen<\/a><\/div>\n\n\n\n<p><\/p>\n","protected":false},"excerpt":{"rendered":"<p>Informationen wer wir sind Hallo, wir sind Als wir vor \u00fcber zehn Jahren unser Haus (Baujahr 1954) mit einem gro\u00dfen Garten gekauft haben, waren wir Mitte zwanzig und sehr unerfahren, was das Renovieren und die Gartengestaltung betrifft. Isabell verf\u00fcgt als gelernte Einrichtungsberaterin schon immer \u00fcber ein Auge f\u00fcr Farben, Designs und aktuelle Trends. Lucas ist [&hellip;]<\/p>\n","protected":false},"author":1,"featured_media":0,"parent":0,"menu_order":0,"comment_status":"closed","ping_status":"closed","template":"","meta":{"zakra_page_container_layout":"contained","zakra_page_sidebar_layout":"no_sidebar","zakra_remove_content_margin":true,"zakra_sidebar":"customizer","zakra_transparent_header":"customizer","zakra_logo":0,"zakra_main_header_style":"default","zakra_menu_item_color":"","zakra_menu_item_hover_color":"","zakra_menu_item_active_color":"","zakra_menu_active_style":"","zakra_page_header":false,"footnotes":""},"class_list":["post-92","page","type-page","status-publish","hentry"],"yoast_head":"<!-- This site is optimized with the Yoast SEO plugin v27.3 - https:\/\/yoast.com\/product\/yoast-seo-wordpress\/ -->\n<title>\u00dcber uns - LuIsa Haus &amp; Garten<\/title>\n<meta name=\"robots\" content=\"index, follow, max-snippet:-1, max-image-preview:large, max-video-preview:-1\" \/>\n<link rel=\"canonical\" href=\"https:\/\/luisahausundgarten.de\/?page_id=92\" \/>\n<meta property=\"og:locale\" content=\"de_DE\" \/>\n<meta property=\"og:type\" content=\"article\" \/>\n<meta property=\"og:title\" content=\"\u00dcber uns - LuIsa Haus &amp; Garten\" \/>\n<meta property=\"og:description\" content=\"Informationen wer wir sind Hallo, wir sind Als wir vor \u00fcber zehn Jahren unser Haus (Baujahr 1954) mit einem gro\u00dfen Garten gekauft haben, waren wir Mitte zwanzig und sehr unerfahren, was das Renovieren und die Gartengestaltung betrifft. Isabell verf\u00fcgt als gelernte Einrichtungsberaterin schon immer \u00fcber ein Auge f\u00fcr Farben, Designs und aktuelle Trends. Lucas ist [&hellip;]\" \/>\n<meta property=\"og:url\" content=\"https:\/\/luisahausundgarten.de\/?page_id=92\" \/>\n<meta property=\"og:site_name\" content=\"LuIsa Haus &amp; Garten\" \/>\n<meta property=\"article:publisher\" content=\"https:\/\/www.facebook.com\/LuIsaHausGarten-106282787637544\/\" \/>\n<meta property=\"article:modified_time\" content=\"2022-01-16T14:26:46+00:00\" \/>\n<meta property=\"og:image\" content=\"https:\/\/luisahausundgarten.de\/wp-content\/uploads\/2020\/02\/ueberuns-1024x208.png\" \/>\n<meta name=\"twitter:card\" content=\"summary_large_image\" \/>\n<meta name=\"twitter:label1\" content=\"Gesch\u00e4tzte Lesezeit\" \/>\n\t<meta name=\"twitter:data1\" content=\"4\u00a0Minuten\" \/>\n<script type=\"application\/ld+json\" class=\"yoast-schema-graph\">{\"@context\":\"https:\\\/\\\/schema.org\",\"@graph\":[{\"@type\":\"WebPage\",\"@id\":\"https:\\\/\\\/luisahausundgarten.de\\\/?page_id=92\",\"url\":\"https:\\\/\\\/luisahausundgarten.de\\\/?page_id=92\",\"name\":\"\u00dcber uns - LuIsa Haus &amp; Garten\",\"isPartOf\":{\"@id\":\"https:\\\/\\\/luisahausundgarten.de\\\/#website\"},\"primaryImageOfPage\":{\"@id\":\"https:\\\/\\\/luisahausundgarten.de\\\/?page_id=92#primaryimage\"},\"image\":{\"@id\":\"https:\\\/\\\/luisahausundgarten.de\\\/?page_id=92#primaryimage\"},\"thumbnailUrl\":\"https:\\\/\\\/luisahausundgarten.de\\\/wp-content\\\/uploads\\\/2020\\\/02\\\/ueberuns-1024x208.png\",\"datePublished\":\"2020-01-18T21:58:50+00:00\",\"dateModified\":\"2022-01-16T14:26:46+00:00\",\"breadcrumb\":{\"@id\":\"https:\\\/\\\/luisahausundgarten.de\\\/?page_id=92#breadcrumb\"},\"inLanguage\":\"de\",\"potentialAction\":[{\"@type\":\"ReadAction\",\"target\":[\"https:\\\/\\\/luisahausundgarten.de\\\/?page_id=92\"]}]},{\"@type\":\"ImageObject\",\"inLanguage\":\"de\",\"@id\":\"https:\\\/\\\/luisahausundgarten.de\\\/?page_id=92#primaryimage\",\"url\":\"https:\\\/\\\/luisahausundgarten.de\\\/wp-content\\\/uploads\\\/2020\\\/02\\\/ueberuns.png\",\"contentUrl\":\"https:\\\/\\\/luisahausundgarten.de\\\/wp-content\\\/uploads\\\/2020\\\/02\\\/ueberuns.png\",\"width\":1405,\"height\":286},{\"@type\":\"BreadcrumbList\",\"@id\":\"https:\\\/\\\/luisahausundgarten.de\\\/?page_id=92#breadcrumb\",\"itemListElement\":[{\"@type\":\"ListItem\",\"position\":1,\"name\":\"Startseite\",\"item\":\"https:\\\/\\\/luisahausundgarten.de\\\/\"},{\"@type\":\"ListItem\",\"position\":2,\"name\":\"\u00dcber uns\"}]},{\"@type\":\"WebSite\",\"@id\":\"https:\\\/\\\/luisahausundgarten.de\\\/#website\",\"url\":\"https:\\\/\\\/luisahausundgarten.de\\\/\",\"name\":\"LuIsa - Haus und Garten\",\"description\":\"F\u00fcr ein sch\u00f6nes Zuhause\",\"publisher\":{\"@id\":\"https:\\\/\\\/luisahausundgarten.de\\\/#organization\"},\"potentialAction\":[{\"@type\":\"SearchAction\",\"target\":{\"@type\":\"EntryPoint\",\"urlTemplate\":\"https:\\\/\\\/luisahausundgarten.de\\\/?s={search_term_string}\"},\"query-input\":{\"@type\":\"PropertyValueSpecification\",\"valueRequired\":true,\"valueName\":\"search_term_string\"}}],\"inLanguage\":\"de\"},{\"@type\":\"Organization\",\"@id\":\"https:\\\/\\\/luisahausundgarten.de\\\/#organization\",\"name\":\"LuIsa Haus & Garten\",\"url\":\"https:\\\/\\\/luisahausundgarten.de\\\/\",\"logo\":{\"@type\":\"ImageObject\",\"inLanguage\":\"de\",\"@id\":\"https:\\\/\\\/luisahausundgarten.de\\\/#\\\/schema\\\/logo\\\/image\\\/\",\"url\":\"https:\\\/\\\/luisahausundgarten.de\\\/wp-content\\\/uploads\\\/2020\\\/03\\\/LHGLOGO.jpg\",\"contentUrl\":\"https:\\\/\\\/luisahausundgarten.de\\\/wp-content\\\/uploads\\\/2020\\\/03\\\/LHGLOGO.jpg\",\"width\":1205,\"height\":803,\"caption\":\"LuIsa Haus & Garten\"},\"image\":{\"@id\":\"https:\\\/\\\/luisahausundgarten.de\\\/#\\\/schema\\\/logo\\\/image\\\/\"},\"sameAs\":[\"https:\\\/\\\/www.facebook.com\\\/LuIsaHausGarten-106282787637544\\\/\"]}]}<\/script>\n<!-- \/ Yoast SEO plugin. -->","yoast_head_json":{"title":"\u00dcber uns - LuIsa Haus &amp; Garten","robots":{"index":"index","follow":"follow","max-snippet":"max-snippet:-1","max-image-preview":"max-image-preview:large","max-video-preview":"max-video-preview:-1"},"canonical":"https:\/\/luisahausundgarten.de\/?page_id=92","og_locale":"de_DE","og_type":"article","og_title":"\u00dcber uns - LuIsa Haus &amp; Garten","og_description":"Informationen wer wir sind Hallo, wir sind Als wir vor \u00fcber zehn Jahren unser Haus (Baujahr 1954) mit einem gro\u00dfen Garten gekauft haben, waren wir Mitte zwanzig und sehr unerfahren, was das Renovieren und die Gartengestaltung betrifft. Isabell verf\u00fcgt als gelernte Einrichtungsberaterin schon immer \u00fcber ein Auge f\u00fcr Farben, Designs und aktuelle Trends. Lucas ist [&hellip;]","og_url":"https:\/\/luisahausundgarten.de\/?page_id=92","og_site_name":"LuIsa Haus &amp; Garten","article_publisher":"https:\/\/www.facebook.com\/LuIsaHausGarten-106282787637544\/","article_modified_time":"2022-01-16T14:26:46+00:00","og_image":[{"url":"https:\/\/luisahausundgarten.de\/wp-content\/uploads\/2020\/02\/ueberuns-1024x208.png","type":"","width":"","height":""}],"twitter_card":"summary_large_image","twitter_misc":{"Gesch\u00e4tzte Lesezeit":"4\u00a0Minuten"},"schema":{"@context":"https:\/\/schema.org","@graph":[{"@type":"WebPage","@id":"https:\/\/luisahausundgarten.de\/?page_id=92","url":"https:\/\/luisahausundgarten.de\/?page_id=92","name":"\u00dcber uns - LuIsa Haus &amp; Garten","isPartOf":{"@id":"https:\/\/luisahausundgarten.de\/#website"},"primaryImageOfPage":{"@id":"https:\/\/luisahausundgarten.de\/?page_id=92#primaryimage"},"image":{"@id":"https:\/\/luisahausundgarten.de\/?page_id=92#primaryimage"},"thumbnailUrl":"https:\/\/luisahausundgarten.de\/wp-content\/uploads\/2020\/02\/ueberuns-1024x208.png","datePublished":"2020-01-18T21:58:50+00:00","dateModified":"2022-01-16T14:26:46+00:00","breadcrumb":{"@id":"https:\/\/luisahausundgarten.de\/?page_id=92#breadcrumb"},"inLanguage":"de","potentialAction":[{"@type":"ReadAction","target":["https:\/\/luisahausundgarten.de\/?page_id=92"]}]},{"@type":"ImageObject","inLanguage":"de","@id":"https:\/\/luisahausundgarten.de\/?page_id=92#primaryimage","url":"https:\/\/luisahausundgarten.de\/wp-content\/uploads\/2020\/02\/ueberuns.png","contentUrl":"https:\/\/luisahausundgarten.de\/wp-content\/uploads\/2020\/02\/ueberuns.png","width":1405,"height":286},{"@type":"BreadcrumbList","@id":"https:\/\/luisahausundgarten.de\/?page_id=92#breadcrumb","itemListElement":[{"@type":"ListItem","position":1,"name":"Startseite","item":"https:\/\/luisahausundgarten.de\/"},{"@type":"ListItem","position":2,"name":"\u00dcber uns"}]},{"@type":"WebSite","@id":"https:\/\/luisahausundgarten.de\/#website","url":"https:\/\/luisahausundgarten.de\/","name":"LuIsa - Haus und Garten","description":"F\u00fcr ein sch\u00f6nes Zuhause","publisher":{"@id":"https:\/\/luisahausundgarten.de\/#organization"},"potentialAction":[{"@type":"SearchAction","target":{"@type":"EntryPoint","urlTemplate":"https:\/\/luisahausundgarten.de\/?s={search_term_string}"},"query-input":{"@type":"PropertyValueSpecification","valueRequired":true,"valueName":"search_term_string"}}],"inLanguage":"de"},{"@type":"Organization","@id":"https:\/\/luisahausundgarten.de\/#organization","name":"LuIsa Haus & Garten","url":"https:\/\/luisahausundgarten.de\/","logo":{"@type":"ImageObject","inLanguage":"de","@id":"https:\/\/luisahausundgarten.de\/#\/schema\/logo\/image\/","url":"https:\/\/luisahausundgarten.de\/wp-content\/uploads\/2020\/03\/LHGLOGO.jpg","contentUrl":"https:\/\/luisahausundgarten.de\/wp-content\/uploads\/2020\/03\/LHGLOGO.jpg","width":1205,"height":803,"caption":"LuIsa Haus & Garten"},"image":{"@id":"https:\/\/luisahausundgarten.de\/#\/schema\/logo\/image\/"},"sameAs":["https:\/\/www.facebook.com\/LuIsaHausGarten-106282787637544\/"]}]}},"_links":{"self":[{"href":"https:\/\/luisahausundgarten.de\/index.php?rest_route=\/wp\/v2\/pages\/92","targetHints":{"allow":["GET"]}}],"collection":[{"href":"https:\/\/luisahausundgarten.de\/index.php?rest_route=\/wp\/v2\/pages"}],"about":[{"href":"https:\/\/luisahausundgarten.de\/index.php?rest_route=\/wp\/v2\/types\/page"}],"author":[{"embeddable":true,"href":"https:\/\/luisahausundgarten.de\/index.php?rest_route=\/wp\/v2\/users\/1"}],"replies":[{"embeddable":true,"href":"https:\/\/luisahausundgarten.de\/index.php?rest_route=%2Fwp%2Fv2%2Fcomments&post=92"}],"version-history":[{"count":48,"href":"https:\/\/luisahausundgarten.de\/index.php?rest_route=\/wp\/v2\/pages\/92\/revisions"}],"predecessor-version":[{"id":1806,"href":"https:\/\/luisahausundgarten.de\/index.php?rest_route=\/wp\/v2\/pages\/92\/revisions\/1806"}],"wp:attachment":[{"href":"https:\/\/luisahausundgarten.de\/index.php?rest_route=%2Fwp%2Fv2%2Fmedia&parent=92"}],"curies":[{"name":"wp","href":"https:\/\/api.w.org\/{rel}","templated":true}]}}